{"id":71,"date":"2013-09-05T15:45:22","date_gmt":"2013-09-05T13:45:22","guid":{"rendered":"http:\/\/www.mgv-1910.de\/?page_id=71"},"modified":"2018-09-20T19:39:50","modified_gmt":"2018-09-20T17:39:50","slug":"cantarona","status":"publish","type":"page","link":"https:\/\/www.mgv-1910.de\/?page_id=71","title":{"rendered":"CantaRona"},"content":{"rendered":"<div class=\"twoclick_social_bookmarks_post_71 social_share_privacy clearfix 1.6.4 locale-de_DE sprite-de_DE\"><\/div><div class=\"twoclick-js\"><script type=\"text\/javascript\">\/* <![CDATA[ *\/\njQuery(document).ready(function($){if($('.twoclick_social_bookmarks_post_71')){$('.twoclick_social_bookmarks_post_71').socialSharePrivacy({\"txt_help\":\"Wenn Sie diese Felder durch einen Klick aktivieren, werden Informationen an Facebook, Twitter, Flattr, Xing, t3n, LinkedIn, Pinterest oder Google eventuell ins Ausland \\u00fcbertragen und unter Umst\\u00e4nden auch dort gespeichert. N\\u00e4heres erfahren Sie durch einen Klick auf das <em>i<\\\/em>.\",\"settings_perma\":\"Dauerhaft aktivieren und Daten\\u00fcber-tragung zustimmen:\",\"info_link\":\"http:\\\/\\\/www.heise.de\\\/ct\\\/artikel\\\/2-Klicks-fuer-mehr-Datenschutz-1333879.html\",\"uri\":\"https:\\\/\\\/www.mgv-1910.de\\\/?page_id=71\",\"post_id\":71,\"post_title_referrer_track\":\"CantaRona\",\"display_infobox\":\"on\"});}});\n\/* ]]> *\/<\/script><\/div><div>\n<p><a href=\"http:\/\/cantarona.de\/wp-content\/uploads\/2012\/11\/Chor.jpeg\"><img decoding=\"async\" title=\"Gruppenfoto Cantarona\" src=\"http:\/\/cantarona.de\/wp-content\/uploads\/2012\/11\/Chor.jpeg\" alt=\"Gruppenfoto Cantarona\" width=\"100%\" height=\"*\"><\/a><\/p>\n<p>Begonnen hat alles mit der Idee, zum Schuljubil\u00e4um der Max-Planck-Schule, einen Jubil\u00e4umschor zu gr\u00fcnden. Teilnehmer dieses Chores sollten Sch\u00fcler, Eltern, ehemalige Sch\u00fcler, Lehrer, Freunde etc. der Schule sein.&nbsp; Schnell wurde diese Idee in die Tat umgesetzt, initiiert durch die enthusiastische und mitrei\u00dfende Chorleiterin Bianca Heintze.<\/p>\n<p>Der Auftritt des Jubil\u00e4umschors war geschafft und alle Chormitglieder so begeistert, dass Bianca Heintze gen\u00f6tigt wurde, diesen Chor fortzuf\u00fchren.&nbsp;Das Resultat sind jetzt wir, ca. 50 S\u00e4nger aller Altersgruppen, die diesem Hobby einmal pro Woche f\u00fcr 90 Minuten nachgehen. Netterweise wurden wir vom Gesangverein \u201cLiederkranz Ha\u00dfloch\u201d als Anh\u00e4ngsel aufgenommen.<\/p>\n<p>Um dies abzuk\u00fcrzen: Wir hei\u00dfen CantaRona.<\/p>\n<p>Unser Repertoire ist abwechslungsreich und vielf\u00e4ltig. Wir singen deutsche, englische, lateinische \u2026. Lieder aus dem Mittelalter, aus Opern und auch Popsongs. Wir sind f\u00fcr alles offen! Offen sind wir nat\u00fcrlich auch f\u00fcr neue Mits\u00e4nger.<\/p>\n<p>So, dies w\u00e4re erst einmal das Wichtigste. Wer mehr \u00fcber uns und von uns erfahren m\u00f6chte, kann uns jeden Donnerstag um 18:30 Uhr \u2013 20:00 Uhr in der Aula der Max-Planck Schule treffen.<\/p>\n<p>Alles Weitere findet ihr auf <a href=\"http:\/\/www.cantarona.de\">www.cantarona.de<\/a><\/p>\n<\/div>\n","protected":false},"excerpt":{"rendered":"<p>Begonnen hat alles mit der Idee, zum Schuljubil\u00e4um der Max-Planck-Schule, einen Jubil\u00e4umschor zu gr\u00fcnden. Teilnehmer dieses Chores sollten Sch\u00fcler, Eltern, ehemalige Sch\u00fcler, Lehrer, Freunde etc. der Schule sein.&nbsp; Schnell wurde diese Idee in die Tat umgesetzt, initiiert durch die enthusiastische &hellip; <a href=\"https:\/\/www.mgv-1910.de\/?page_id=71\">Weiterlesen <span class=\"meta-nav\">&rarr;<\/span><\/a><\/p>\n","protected":false},"author":1,"featured_media":0,"parent":0,"menu_order":0,"comment_status":"closed","ping_status":"closed","template":"sidebar-page.php","meta":{"ngg_post_thumbnail":0,"footnotes":""},"class_list":["post-71","page","type-page","status-publish","hentry"],"_links":{"self":[{"href":"https:\/\/www.mgv-1910.de\/index.php?rest_route=\/wp\/v2\/pages\/71","targetHints":{"allow":["GET"]}}],"collection":[{"href":"https:\/\/www.mgv-1910.de\/index.php?rest_route=\/wp\/v2\/pages"}],"about":[{"href":"https:\/\/www.mgv-1910.de\/index.php?rest_route=\/wp\/v2\/types\/page"}],"author":[{"embeddable":true,"href":"https:\/\/www.mgv-1910.de\/index.php?rest_route=\/wp\/v2\/users\/1"}],"replies":[{"embeddable":true,"href":"https:\/\/www.mgv-1910.de\/index.php?rest_route=%2Fwp%2Fv2%2Fcomments&post=71"}],"version-history":[{"count":2,"href":"https:\/\/www.mgv-1910.de\/index.php?rest_route=\/wp\/v2\/pages\/71\/revisions"}],"predecessor-version":[{"id":352,"href":"https:\/\/www.mgv-1910.de\/index.php?rest_route=\/wp\/v2\/pages\/71\/revisions\/352"}],"wp:attachment":[{"href":"https:\/\/www.mgv-1910.de\/index.php?rest_route=%2Fwp%2Fv2%2Fmedia&parent=71"}],"curies":[{"name":"wp","href":"https:\/\/api.w.org\/{rel}","templated":true}]}}