{"id":67,"date":"2013-09-05T15:40:48","date_gmt":"2013-09-05T13:40:48","guid":{"rendered":"http:\/\/www.mgv-1910.de\/?page_id=67"},"modified":"2019-01-08T14:23:42","modified_gmt":"2019-01-08T12:23:42","slug":"die-choere","status":"publish","type":"page","link":"https:\/\/www.mgv-1910.de\/?page_id=67","title":{"rendered":"Die Ch\u00f6re"},"content":{"rendered":"<div class=\"twoclick_social_bookmarks_post_67 social_share_privacy clearfix 1.6.4 locale-de_DE sprite-de_DE\"><\/div><div class=\"twoclick-js\"><script type=\"text\/javascript\">\/* <![CDATA[ *\/\njQuery(document).ready(function($){if($('.twoclick_social_bookmarks_post_67')){$('.twoclick_social_bookmarks_post_67').socialSharePrivacy({\"txt_help\":\"Wenn Sie diese Felder durch einen Klick aktivieren, werden Informationen an Facebook, Twitter, Flattr, Xing, t3n, LinkedIn, Pinterest oder Google eventuell ins Ausland \\u00fcbertragen und unter Umst\\u00e4nden auch dort gespeichert. N\\u00e4heres erfahren Sie durch einen Klick auf das <em>i<\\\/em>.\",\"settings_perma\":\"Dauerhaft aktivieren und Daten\\u00fcber-tragung zustimmen:\",\"info_link\":\"http:\\\/\\\/www.heise.de\\\/ct\\\/artikel\\\/2-Klicks-fuer-mehr-Datenschutz-1333879.html\",\"uri\":\"https:\\\/\\\/www.mgv-1910.de\\\/?page_id=67\",\"post_id\":67,\"post_title_referrer_track\":\"Die+Ch%C3%B6re\",\"display_infobox\":\"on\"});}});\n\/* ]]> *\/<\/script><\/div><p>Zurzeit beherbergt der MGV Liederkranz R\u00fcsselsheim-Ha\u00dfloch 1910 e.V. zwei Ch\u00f6re unter seinem Vereinsdach. Zum einen der <a href=\"http:\/\/www.mgv-1910.de\/?page_id=11\" target=\"_blank\" rel=\"noopener\">traditionelle M\u00e4nnerchor<\/a>, sowie seit geraumer Zeit den gemischten Chor &#8222;<a href=\"http:\/\/www.cantarona.de\" target=\"_blank\" rel=\"noopener\">CantaRona<\/a>&#8222;<\/p>\n","protected":false},"excerpt":{"rendered":"<p>Zurzeit beherbergt der MGV Liederkranz R\u00fcsselsheim-Ha\u00dfloch 1910 e.V. zwei Ch\u00f6re unter seinem Vereinsdach. Zum einen der traditionelle M\u00e4nnerchor, sowie seit geraumer Zeit den gemischten Chor &#8222;CantaRona&#8222;<\/p>\n","protected":false},"author":1,"featured_media":0,"parent":0,"menu_order":0,"comment_status":"closed","ping_status":"closed","template":"sidebar-page.php","meta":{"ngg_post_thumbnail":0,"footnotes":""},"class_list":["post-67","page","type-page","status-publish","hentry"],"_links":{"self":[{"href":"https:\/\/www.mgv-1910.de\/index.php?rest_route=\/wp\/v2\/pages\/67","targetHints":{"allow":["GET"]}}],"collection":[{"href":"https:\/\/www.mgv-1910.de\/index.php?rest_route=\/wp\/v2\/pages"}],"about":[{"href":"https:\/\/www.mgv-1910.de\/index.php?rest_route=\/wp\/v2\/types\/page"}],"author":[{"embeddable":true,"href":"https:\/\/www.mgv-1910.de\/index.php?rest_route=\/wp\/v2\/users\/1"}],"replies":[{"embeddable":true,"href":"https:\/\/www.mgv-1910.de\/index.php?rest_route=%2Fwp%2Fv2%2Fcomments&post=67"}],"version-history":[{"count":2,"href":"https:\/\/www.mgv-1910.de\/index.php?rest_route=\/wp\/v2\/pages\/67\/revisions"}],"predecessor-version":[{"id":388,"href":"https:\/\/www.mgv-1910.de\/index.php?rest_route=\/wp\/v2\/pages\/67\/revisions\/388"}],"wp:attachment":[{"href":"https:\/\/www.mgv-1910.de\/index.php?rest_route=%2Fwp%2Fv2%2Fmedia&parent=67"}],"curies":[{"name":"wp","href":"https:\/\/api.w.org\/{rel}","templated":true}]}}