{"id":24,"date":"2013-06-11T12:47:52","date_gmt":"2013-06-11T10:47:52","guid":{"rendered":"http:\/\/www.mgv-1910.de\/mgv-1910_de\/?page_id=24"},"modified":"2026-04-16T19:15:05","modified_gmt":"2026-04-16T17:15:05","slug":"kontakt","status":"publish","type":"page","link":"https:\/\/www.mgv-1910.de\/?page_id=24","title":{"rendered":"Kontakt"},"content":{"rendered":"<div class=\"twoclick_social_bookmarks_post_24 social_share_privacy clearfix 1.6.4 locale-de_DE sprite-de_DE\"><\/div><div class=\"twoclick-js\"><script type=\"text\/javascript\">\/* <![CDATA[ *\/\njQuery(document).ready(function($){if($('.twoclick_social_bookmarks_post_24')){$('.twoclick_social_bookmarks_post_24').socialSharePrivacy({\"txt_help\":\"Wenn Sie diese Felder durch einen Klick aktivieren, werden Informationen an Facebook, Twitter, Flattr, Xing, t3n, LinkedIn, Pinterest oder Google eventuell ins Ausland \\u00fcbertragen und unter Umst\\u00e4nden auch dort gespeichert. N\\u00e4heres erfahren Sie durch einen Klick auf das <em>i<\\\/em>.\",\"settings_perma\":\"Dauerhaft aktivieren und Daten\\u00fcber-tragung zustimmen:\",\"info_link\":\"http:\\\/\\\/www.heise.de\\\/ct\\\/artikel\\\/2-Klicks-fuer-mehr-Datenschutz-1333879.html\",\"uri\":\"https:\\\/\\\/www.mgv-1910.de\\\/?page_id=24\",\"post_id\":24,\"post_title_referrer_track\":\"Kontakt\",\"display_infobox\":\"on\"});}});\n\/* ]]> *\/<\/script><\/div><p>Sollten Sie mehr \u00fcber uns erfahren wollen, wenden Sie sich doch einfach telefonisch, per Mail oder Brief an uns<\/p>\n<h2>MGV Liederkranz R\u00fcsselsheim-Ha\u00dfloch 1910 e.V. :<\/h2>\n<p><a title=\"info[at]mgv-1910.de\" href=\"mailto:info@mgv-1910.de\">info[at]mgv-1910.de<\/a><\/p>\n<h2>Vorsitz\/Leitung des Vereins:<\/h2>\n<p>Frank Brogl<\/p>\n<h2>Anschrift<\/h2>\n<p>MGV Liederkranz R\u00fcsselsheim-Ha\u00dfloch 1910 e.V.<br \/>\nc\/o Frank Brogl<br \/>\nUthmannstra\u00dfe 5<br \/>\n65428 R\u00fcsselsheim<\/p>\n<h2>Telefon<\/h2>\n<p>06142\/54667<\/p>\n<h2>Ansprechpartner Ch\u00f6re<\/h2>\n<p>M\u00e4nnerchor: Rudi Heidenreich oder Stefan Schilder<br \/>\nCantaRona (gemischter Chor): Margret Bach<\/p>\n","protected":false},"excerpt":{"rendered":"<p>Sollten Sie mehr \u00fcber uns erfahren wollen, wenden Sie sich doch einfach telefonisch, per Mail oder Brief an uns MGV Liederkranz R\u00fcsselsheim-Ha\u00dfloch 1910 e.V. : info[at]mgv-1910.de Vorsitz\/Leitung des Vereins: Frank Brogl Anschrift MGV Liederkranz R\u00fcsselsheim-Ha\u00dfloch 1910 e.V. c\/o Frank Brogl &hellip; <a href=\"https:\/\/www.mgv-1910.de\/?page_id=24\">Weiterlesen <span class=\"meta-nav\">&rarr;<\/span><\/a><\/p>\n","protected":false},"author":1,"featured_media":0,"parent":0,"menu_order":0,"comment_status":"closed","ping_status":"closed","template":"sidebar-page.php","meta":{"ngg_post_thumbnail":0,"footnotes":""},"class_list":["post-24","page","type-page","status-publish","hentry"],"_links":{"self":[{"href":"https:\/\/www.mgv-1910.de\/index.php?rest_route=\/wp\/v2\/pages\/24","targetHints":{"allow":["GET"]}}],"collection":[{"href":"https:\/\/www.mgv-1910.de\/index.php?rest_route=\/wp\/v2\/pages"}],"about":[{"href":"https:\/\/www.mgv-1910.de\/index.php?rest_route=\/wp\/v2\/types\/page"}],"author":[{"embeddable":true,"href":"https:\/\/www.mgv-1910.de\/index.php?rest_route=\/wp\/v2\/users\/1"}],"replies":[{"embeddable":true,"href":"https:\/\/www.mgv-1910.de\/index.php?rest_route=%2Fwp%2Fv2%2Fcomments&post=24"}],"version-history":[{"count":6,"href":"https:\/\/www.mgv-1910.de\/index.php?rest_route=\/wp\/v2\/pages\/24\/revisions"}],"predecessor-version":[{"id":731,"href":"https:\/\/www.mgv-1910.de\/index.php?rest_route=\/wp\/v2\/pages\/24\/revisions\/731"}],"wp:attachment":[{"href":"https:\/\/www.mgv-1910.de\/index.php?rest_route=%2Fwp%2Fv2%2Fmedia&parent=24"}],"curies":[{"name":"wp","href":"https:\/\/api.w.org\/{rel}","templated":true}]}}