{"id":225,"date":"2017-04-02T19:20:36","date_gmt":"2017-04-02T17:20:36","guid":{"rendered":"http:\/\/www.mgv-1910.de\/?page_id=225"},"modified":"2025-04-06T23:43:31","modified_gmt":"2025-04-06T21:43:31","slug":"mgv-liederkranz-ruesselsheim-hassloch-1910-e-v","status":"publish","type":"page","link":"https:\/\/www.mgv-1910.de\/","title":{"rendered":"MGV Liederkranz R\u00fcsselsheim-Ha\u00dfloch 1910 e. V."},"content":{"rendered":"<div class=\"twoclick_social_bookmarks_post_225 social_share_privacy clearfix 1.6.4 locale-de_DE sprite-de_DE\"><\/div><div class=\"twoclick-js\"><script type=\"text\/javascript\">\/* <![CDATA[ *\/\njQuery(document).ready(function($){if($('.twoclick_social_bookmarks_post_225')){$('.twoclick_social_bookmarks_post_225').socialSharePrivacy({\"txt_help\":\"Wenn Sie diese Felder durch einen Klick aktivieren, werden Informationen an Facebook, Twitter, Flattr, Xing, t3n, LinkedIn, Pinterest oder Google eventuell ins Ausland \\u00fcbertragen und unter Umst\\u00e4nden auch dort gespeichert. N\\u00e4heres erfahren Sie durch einen Klick auf das <em>i<\\\/em>.\",\"settings_perma\":\"Dauerhaft aktivieren und Daten\\u00fcber-tragung zustimmen:\",\"info_link\":\"http:\\\/\\\/www.heise.de\\\/ct\\\/artikel\\\/2-Klicks-fuer-mehr-Datenschutz-1333879.html\",\"uri\":\"https:\\\/\\\/www.mgv-1910.de\\\/\",\"post_id\":225,\"post_title_referrer_track\":\"MGV+Liederkranz+R%C3%BCsselsheim-Ha%C3%9Floch+1910+e.+V.\",\"display_infobox\":\"on\"});}});\n\/* ]]> *\/<\/script><\/div><p><strong>&#8222;Herzlich willkommen beim MGV Liederkranz R\u00fcsselsheim-Ha\u00dfloch&#8220;<\/strong><\/p>\n<p>Herzlich willkommen beim MGV Liederkranz R\u00fcsselsheim-Ha\u00dfloch \u2013 einem Verein, der auf viel Tradition zur\u00fcckblicken kann und sich dennoch regelm\u00e4\u00dfig modernen Gegebenheiten anpasst.<\/p>\n<p>Seit seiner Gr\u00fcndung vor mehr als 100 Jahren pr\u00e4gt unser Verein das kulturelle Leben der Stadt R\u00fcsselsheim und der Umgebung. Konzertreisen, Partnerschaften und viele anderen Kontakte und Gelegenheiten f\u00fchren die Aktiven auch weit \u00fcber die Stadtgrenzen hinaus \u2013 bis ins europ\u00e4ische Ausland.<\/p>\n<p>Seit 2012 besteht der Verein aus zwei Ch\u00f6ren, dem<\/p>\n<ul>\n<li><a href=\"http:\/\/www.mgv-1910.de\/?page_id=11\"><strong>M\u00e4nnerchor<\/strong><\/a> und dem<\/li>\n<li>gemischten Chor <a href=\"http:\/\/www.cantarona.de\" target=\"_blank\" rel=\"noopener noreferrer\"><strong>CantaRona<\/strong><\/a><\/li>\n<\/ul>\n<p>und hat seitdem dem Vereinsk\u00fcrzel \u201eMGV\u201c mit<\/p>\n<h1 style=\"text-align: center;\"><strong><em>M<\/em><\/strong>usikalisch \u2013 <strong><em>G<\/em><\/strong>esellig \u2013 <strong><em>V<\/em><\/strong>ielseitig<\/h1>\n<p>neue Bedeutung gegeben. Diese Devise pr\u00e4gt unser Vereinsleben. Gerne laden wir jeden ein, eine Kostprobe zu nehmen: als Zuh\u00f6rer in unseren <a href=\"http:\/\/www.mgv-1910.de\/?page_id=88\">Konzerten<\/a>, als Mits\u00e4nger oder -s\u00e4ngerin in unseren Ch\u00f6ren oder als unterst\u00fctzendes Vereinsmitglied, das gerne mit uns zusammen Kultur unterst\u00fctzt, pr\u00e4gt oder erlebt oder einfach nur an der Geselligkeit (auch in unserem au\u00dfermusikalischen Vereinsprogramm) teilhaben m\u00f6chte.<\/p>\n<p>Frank Brogl<br>(1. Vorsitzender)<\/p>\n<hr>\n<h1>MovieSTARS (Kinderchorprojekt und Konzert)<\/h1>\n\n\n<figure class=\"wp-block-image size-large\"><img decoding=\"async\" src=\"https:\/\/cantarona.de\/wp-content\/uploads\/2025\/04\/MovieSTARS-Konzert25-web-V1.0-1024x1024.jpeg\" alt=\"\" class=\"wp-image-2549\"\/><\/figure>\n\n\n\n<p><\/p>\n<p>Kinosounds im Theater R\u00fcsselsheim. Mit \u201eMovie STARS\u201c werden viele bekannte Songs aus Filmklassikern wie auch der aktuellen Kino- und TV-Welt zu h\u00f6ren sein. Die Ch\u00f6re CantaRona, PlanckTON sowie unser neuer Kinderchor \u201eCaRoKids\u201c werden bei den Zuh\u00f6rern und Zuh\u00f6rinnen gemeinsam mit den Solisten und der Konzert-Band viele Erinnerungen an Kinobesuche oder andere Filmereignisse wecken. F\u00fcr alle Altersklasse ist etwas dabei \u2013 Ohrwurmgefahr innbegriffen.<\/p>\n<p> <\/p>\n<p>Der Vorverkauf der Konzertkarten hat begonnen (<a href=\"https:\/\/theater-ruesselsheim.reservix.de\/p\/reservix\/event\/2395539\"><strong><em>hier<\/em><\/strong><\/a> geht\u2019s zu den online-Tickets)<\/p>\n\n\n\n<p><\/p>\n<h1 class=\"wp-block-heading\"><strong>CantaRona &#8222;GAME of THRONES &#8211; Tour&#8220;<\/strong><\/h1>\n<p> <\/p>\n<figure class=\"wp-block-image\"><img decoding=\"async\" src=\"http:\/\/www.mgv-1910.de\/wp-content\/uploads\/2023\/07\/the-music-of-game-of-thrones-und-house-of-dragon.png\" alt=\"Konzertplakat Game of Thornes\"><\/figure>\n<p>Mit dem Konzert im Mai 2024 in Frankfurt haben wir die Game of Thrones Tour, die uns in Konzerts\u00e4le nach in DRESDEN (Kulturpalast), HALLE (H\u00e4ndelhalle), BERLIN (Tempodrom) und (mehrfach) nach FRANKFURT AM MAIN (Alte Oper) f\u00fchrte abgeschlossen. Die n\u00e4chsten Projekte sind in Planung.<\/p>\n<p><\/p>\n","protected":false},"excerpt":{"rendered":"<p>&#8222;Herzlich willkommen beim MGV Liederkranz R\u00fcsselsheim-Ha\u00dfloch&#8220; Herzlich willkommen beim MGV Liederkranz R\u00fcsselsheim-Ha\u00dfloch \u2013 einem Verein, der auf viel Tradition zur\u00fcckblicken kann und sich dennoch regelm\u00e4\u00dfig modernen Gegebenheiten anpasst. Seit seiner Gr\u00fcndung vor mehr als 100 Jahren pr\u00e4gt unser Verein das &hellip; <a href=\"https:\/\/www.mgv-1910.de\/\">Weiterlesen <span class=\"meta-nav\">&rarr;<\/span><\/a><\/p>\n","protected":false},"author":1,"featured_media":36,"parent":0,"menu_order":0,"comment_status":"closed","ping_status":"closed","template":"sidebar-page.php","meta":{"ngg_post_thumbnail":0,"footnotes":""},"class_list":["post-225","page","type-page","status-publish","has-post-thumbnail","hentry"],"_links":{"self":[{"href":"https:\/\/www.mgv-1910.de\/index.php?rest_route=\/wp\/v2\/pages\/225","targetHints":{"allow":["GET"]}}],"collection":[{"href":"https:\/\/www.mgv-1910.de\/index.php?rest_route=\/wp\/v2\/pages"}],"about":[{"href":"https:\/\/www.mgv-1910.de\/index.php?rest_route=\/wp\/v2\/types\/page"}],"author":[{"embeddable":true,"href":"https:\/\/www.mgv-1910.de\/index.php?rest_route=\/wp\/v2\/users\/1"}],"replies":[{"embeddable":true,"href":"https:\/\/www.mgv-1910.de\/index.php?rest_route=%2Fwp%2Fv2%2Fcomments&post=225"}],"version-history":[{"count":33,"href":"https:\/\/www.mgv-1910.de\/index.php?rest_route=\/wp\/v2\/pages\/225\/revisions"}],"predecessor-version":[{"id":716,"href":"https:\/\/www.mgv-1910.de\/index.php?rest_route=\/wp\/v2\/pages\/225\/revisions\/716"}],"wp:featuredmedia":[{"embeddable":true,"href":"https:\/\/www.mgv-1910.de\/index.php?rest_route=\/wp\/v2\/media\/36"}],"wp:attachment":[{"href":"https:\/\/www.mgv-1910.de\/index.php?rest_route=%2Fwp%2Fv2%2Fmedia&parent=225"}],"curies":[{"name":"wp","href":"https:\/\/api.w.org\/{rel}","templated":true}]}}