{"id":177,"date":"2015-11-18T23:51:45","date_gmt":"2015-11-18T21:51:45","guid":{"rendered":"http:\/\/www.mgv-1910.de\/?page_id=177"},"modified":"2016-03-04T10:34:57","modified_gmt":"2016-03-04T08:34:57","slug":"toene-im-achord","status":"publish","type":"page","link":"https:\/\/www.mgv-1910.de\/?page_id=177","title":{"rendered":"&#8222;T\u00f6ne im ACHORD&#8220;"},"content":{"rendered":"<div class=\"twoclick_social_bookmarks_post_177 social_share_privacy clearfix 1.6.4 locale-de_DE sprite-de_DE\"><\/div><div class=\"twoclick-js\"><script type=\"text\/javascript\">\/* <![CDATA[ *\/\njQuery(document).ready(function($){if($('.twoclick_social_bookmarks_post_177')){$('.twoclick_social_bookmarks_post_177').socialSharePrivacy({\"txt_help\":\"Wenn Sie diese Felder durch einen Klick aktivieren, werden Informationen an Facebook, Twitter, Flattr, Xing, t3n, LinkedIn, Pinterest oder Google eventuell ins Ausland \\u00fcbertragen und unter Umst\\u00e4nden auch dort gespeichert. N\\u00e4heres erfahren Sie durch einen Klick auf das <em>i<\\\/em>.\",\"settings_perma\":\"Dauerhaft aktivieren und Daten\\u00fcber-tragung zustimmen:\",\"info_link\":\"http:\\\/\\\/www.heise.de\\\/ct\\\/artikel\\\/2-Klicks-fuer-mehr-Datenschutz-1333879.html\",\"uri\":\"https:\\\/\\\/www.mgv-1910.de\\\/?page_id=177\",\"post_id\":177,\"post_title_referrer_track\":\"%26%238222%3BT%C3%B6ne+im+ACHORD%26%238220%3B\",\"display_infobox\":\"on\"});}});\n\/* ]]> *\/<\/script><\/div><p>Mit \u201e<strong>T\u00f6ne im<\/strong> <strong>A<em>CHOR<\/em>D<\/strong><strong>\u201c<\/strong> bringt der MGV Liederkranz Ha\u00dfloch ein musikalisches Farbenspiel der Chor- und Orchestermusik auf die B\u00fchne des Theater R\u00fcsselsheim. Gemeinsam mit dem Salonorchester werden die Ch\u00f6re CantaRona, M\u00e4nnerchor und PlanckTON den Konzertbesuchern die Klangfarben verschiedener Epochen und Stile vor Augen und ins Ohr f\u00fchren. Die gr\u00f6\u00dften Risiken und Nebenwirkungen, die von der dabei ausgestrahlten Lebensfreude der Musik und der Musiker ausgehen, sind die Gefahren der Ansteckung mit guter Laune; diese sind bewusst eingeplant.<\/p>\n<p style=\"text-align: center;\"><a href=\"http:\/\/kultur123ruesselsheim.de\/kultur-theater\/Toene-im-ACHORD-E6440.htm\"><img decoding=\"async\" class=\"aligncenter\" src=\"http:\/\/cantarona.de\/wp-content\/uploads\/2016\/03\/Entwurf-V6.jpg\" alt=\"\" width=\"100%\" height=\"*\" \/><\/a><\/p>\n<p>Zum Vorverkauf geht es <a href=\"http:\/\/kultur123ruesselsheim.de\/kultur-theater\/Toene-im-ACHORD-E6440.htm\">hier<\/a>.<\/p>\n","protected":false},"excerpt":{"rendered":"<p>Mit \u201eT\u00f6ne im ACHORD\u201c bringt der MGV Liederkranz Ha\u00dfloch ein musikalisches Farbenspiel der Chor- und Orchestermusik auf die B\u00fchne des Theater R\u00fcsselsheim. Gemeinsam mit dem Salonorchester werden die Ch\u00f6re CantaRona, M\u00e4nnerchor und PlanckTON den Konzertbesuchern die Klangfarben verschiedener Epochen und &hellip; <a href=\"https:\/\/www.mgv-1910.de\/?page_id=177\">Weiterlesen <span class=\"meta-nav\">&rarr;<\/span><\/a><\/p>\n","protected":false},"author":1,"featured_media":0,"parent":0,"menu_order":0,"comment_status":"closed","ping_status":"open","template":"sidebar-page.php","meta":{"ngg_post_thumbnail":0,"footnotes":""},"class_list":["post-177","page","type-page","status-publish","hentry"],"_links":{"self":[{"href":"https:\/\/www.mgv-1910.de\/index.php?rest_route=\/wp\/v2\/pages\/177","targetHints":{"allow":["GET"]}}],"collection":[{"href":"https:\/\/www.mgv-1910.de\/index.php?rest_route=\/wp\/v2\/pages"}],"about":[{"href":"https:\/\/www.mgv-1910.de\/index.php?rest_route=\/wp\/v2\/types\/page"}],"author":[{"embeddable":true,"href":"https:\/\/www.mgv-1910.de\/index.php?rest_route=\/wp\/v2\/users\/1"}],"replies":[{"embeddable":true,"href":"https:\/\/www.mgv-1910.de\/index.php?rest_route=%2Fwp%2Fv2%2Fcomments&post=177"}],"version-history":[{"count":2,"href":"https:\/\/www.mgv-1910.de\/index.php?rest_route=\/wp\/v2\/pages\/177\/revisions"}],"predecessor-version":[{"id":186,"href":"https:\/\/www.mgv-1910.de\/index.php?rest_route=\/wp\/v2\/pages\/177\/revisions\/186"}],"wp:attachment":[{"href":"https:\/\/www.mgv-1910.de\/index.php?rest_route=%2Fwp%2Fv2%2Fmedia&parent=177"}],"curies":[{"name":"wp","href":"https:\/\/api.w.org\/{rel}","templated":true}]}}