{"id":11,"date":"2013-06-11T12:18:48","date_gmt":"2013-06-11T10:18:48","guid":{"rendered":"http:\/\/www.mgv-1910.de\/mgv-1910_de\/?page_id=11"},"modified":"2023-07-13T18:42:01","modified_gmt":"2023-07-13T16:42:01","slug":"mgv-liederkranz-russelsheim-hasloch-1910-e-v","status":"publish","type":"page","link":"https:\/\/www.mgv-1910.de\/?page_id=11","title":{"rendered":"M\u00e4nnerchor"},"content":{"rendered":"<div class=\"twoclick_social_bookmarks_post_11 social_share_privacy clearfix 1.6.4 locale-de_DE sprite-de_DE\"><\/div><div class=\"twoclick-js\"><script type=\"text\/javascript\">\/* <![CDATA[ *\/\njQuery(document).ready(function($){if($('.twoclick_social_bookmarks_post_11')){$('.twoclick_social_bookmarks_post_11').socialSharePrivacy({\"txt_help\":\"Wenn Sie diese Felder durch einen Klick aktivieren, werden Informationen an Facebook, Twitter, Flattr, Xing, t3n, LinkedIn, Pinterest oder Google eventuell ins Ausland \\u00fcbertragen und unter Umst\\u00e4nden auch dort gespeichert. N\\u00e4heres erfahren Sie durch einen Klick auf das <em>i<\\\/em>.\",\"settings_perma\":\"Dauerhaft aktivieren und Daten\\u00fcber-tragung zustimmen:\",\"info_link\":\"http:\\\/\\\/www.heise.de\\\/ct\\\/artikel\\\/2-Klicks-fuer-mehr-Datenschutz-1333879.html\",\"uri\":\"https:\\\/\\\/www.mgv-1910.de\\\/?page_id=11\",\"post_id\":11,\"post_title_referrer_track\":\"M%C3%A4nnerchor\",\"display_infobox\":\"on\"});}});\n\/* ]]> *\/<\/script><\/div><p>Der M\u00e4nnerchor des MGV Liederkranz R\u00fcsselsheim Ha\u00dfloch 1910 e.V. ist ein in der Region \u00fcberaus bekannter und gesch\u00e4tzter Chor. Alleine seine Vielf\u00e4ltigkeit und dem umfangreichen Repertoire, das sich aus Oper, Operette, Volkslied, internationaler Folklore und auch sakraler Auswahl zeigt, gibt einen kleinen \u00dcberblick \u00fcber das musikalische Wirken des Chores.<\/p>\n<p>So liegt die St\u00e4rke des Chores darin, indem er regelm\u00e4\u00dfig bei professionellen Konzerten wie \u201eItalienische Nacht\u201c und \u201eOperngalas\u201c mit namhaften Solisten und Orchestern mitwirkt. Auch die gesangliche Mitgestaltung in Gottesdiensten, und dies z.T. in lateinischer Sprache, geh\u00f6rt zu dem Liedgut des Chores.<\/p>\n<p>Zahlreiche Konzertreisen im In- und Ausland belegen die hohe Qualit\u00e4t der S\u00e4nger des MGV Liederkranz R\u00fcsselsheim Ha\u00dfloch 1910 e.V. So gab der Chor Konzerte in Varkaus (Finnland), Evreux (Frankreich), Kekcemet (Ungarn), Wien (\u00d6sterreich), Dom in Bologna (Italien), Maria Laach (Deutschland) usw.<\/p>\n<p>Sollten Sie interessiert sein, sich einem reinen M\u00e4nnerchor anschlie\u00dfen zu wollen, so nehmen Sie sich bitte unter der unten angegebenen Adresse Kontakt zu uns auf.<\/p>\n<p>Im \u00fcbrigen wird dieser M\u00e4nnerchor von dem Chorleiter Ronald R. Pelger geleitet, der seine Ausbildung bei den Regensburger Domspatzen, unter Georg Ratzinger, dem Bruder des ehemaligen Papstes Benedict XVI, begann und durch weiteres sp\u00e4teres Studium an diversen Universit\u00e4ten und Konservatorium vervollst\u00e4ndigte.<\/p>\n<p>Die Chorproben des M\u00e4nnerchores finden jeweils dienstags von 19:45 Uhr-22:00 Uhr in der Aula der Borngrabenschule im Apfelgarten 3 in R\u00fcsselsheim Ha\u00dfloch statt.<\/p>\n<p>Wagen Sie einen Versuch: Besuchen Sie einige Proben, um testen zu k\u00f6nnen, ob dieser Chor Ihnen gefallen k\u00f6nnte. Der Chor w\u00fcrde sich sehr \u00fcber Ihre Verst\u00e4rkung freuen. Ebenso sind Sie auch als f\u00f6rderndes, passives, Mitglied herzlich willkommen.<\/p>\n<p style=\"text-align: left;\">Als Ansprechpartner stehen Ihnen zur Verf\u00fcgung:<\/p>\n<p style=\"text-align: left;\">Frank Brogl, 1. Vorsitzender Tel.: 06142 7066891 &nbsp;&nbsp;E-Mail: &nbsp;<a href=\"mailto:fab.ius@web.de\">fab.ius@web.de<\/a><\/p>\n","protected":false},"excerpt":{"rendered":"<p>Der M\u00e4nnerchor des MGV Liederkranz R\u00fcsselsheim Ha\u00dfloch 1910 e.V. ist ein in der Region \u00fcberaus bekannter und gesch\u00e4tzter Chor. Alleine seine Vielf\u00e4ltigkeit und dem umfangreichen Repertoire, das sich aus Oper, Operette, Volkslied, internationaler Folklore und auch sakraler Auswahl zeigt, gibt &hellip; <a href=\"https:\/\/www.mgv-1910.de\/?page_id=11\">Weiterlesen <span class=\"meta-nav\">&rarr;<\/span><\/a><\/p>\n","protected":false},"author":1,"featured_media":0,"parent":0,"menu_order":0,"comment_status":"closed","ping_status":"closed","template":"sidebar-page.php","meta":{"ngg_post_thumbnail":0,"footnotes":""},"class_list":["post-11","page","type-page","status-publish","hentry"],"_links":{"self":[{"href":"https:\/\/www.mgv-1910.de\/index.php?rest_route=\/wp\/v2\/pages\/11","targetHints":{"allow":["GET"]}}],"collection":[{"href":"https:\/\/www.mgv-1910.de\/index.php?rest_route=\/wp\/v2\/pages"}],"about":[{"href":"https:\/\/www.mgv-1910.de\/index.php?rest_route=\/wp\/v2\/types\/page"}],"author":[{"embeddable":true,"href":"https:\/\/www.mgv-1910.de\/index.php?rest_route=\/wp\/v2\/users\/1"}],"replies":[{"embeddable":true,"href":"https:\/\/www.mgv-1910.de\/index.php?rest_route=%2Fwp%2Fv2%2Fcomments&post=11"}],"version-history":[{"count":10,"href":"https:\/\/www.mgv-1910.de\/index.php?rest_route=\/wp\/v2\/pages\/11\/revisions"}],"predecessor-version":[{"id":700,"href":"https:\/\/www.mgv-1910.de\/index.php?rest_route=\/wp\/v2\/pages\/11\/revisions\/700"}],"wp:attachment":[{"href":"https:\/\/www.mgv-1910.de\/index.php?rest_route=%2Fwp%2Fv2%2Fmedia&parent=11"}],"curies":[{"name":"wp","href":"https:\/\/api.w.org\/{rel}","templated":true}]}}